{"id":115,"date":"2024-10-05T16:11:27","date_gmt":"2024-10-05T14:11:27","guid":{"rendered":"https:\/\/frutosdeesperanza.com\/contacto\/"},"modified":"2024-11-22T14:27:07","modified_gmt":"2024-11-22T13:27:07","slug":"contacto","status":"publish","type":"page","link":"https:\/\/frutosdeesperanza.com\/es\/contacto\/","title":{"rendered":"Contacto"},"content":{"rendered":"<div id=\"cs-content\" class=\"cs-content\"><\/div>\n","protected":false},"excerpt":{"rendered":"<p>Contacto \u00bfQuiere saber m\u00e1s sobre como colaborar? \u00bfDesea ponerse en contacto con nosotros sobrenuestros cursos de formaci\u00f3n, podcasts o c\u00f3mo puede contribuir? No dude en ponerse encontacto con nosotros a trav\u00e9s de los datos que figuran a continuaci\u00f3n: informacion@frutosdeesperanza.com O rellena el formulario de contactoPor favor, activa JavaScript en tu navegador para completar este formulario.Por favor, activa JavaScript en tu &#8230; <\/p>\n<div><a href=\"https:\/\/frutosdeesperanza.com\/es\/contacto\/\" class=\"more-link\">Read More<\/a><\/div>\n","protected":false},"author":1,"featured_media":0,"parent":0,"menu_order":0,"comment_status":"closed","ping_status":"closed","template":"template-blank-4.php","meta":{"_acf_changed":false,"_monsterinsights_skip_tracking":false,"_monsterinsights_sitenote_active":false,"_monsterinsights_sitenote_note":"","_monsterinsights_sitenote_category":0,"footnotes":""},"class_list":["post-115","page","type-page","status-publish","hentry","no-post-thumbnail"],"acf":[],"_links":{"self":[{"href":"https:\/\/frutosdeesperanza.com\/es\/wp-json\/wp\/v2\/pages\/115","targetHints":{"allow":["GET"]}}],"collection":[{"href":"https:\/\/frutosdeesperanza.com\/es\/wp-json\/wp\/v2\/pages"}],"about":[{"href":"https:\/\/frutosdeesperanza.com\/es\/wp-json\/wp\/v2\/types\/page"}],"author":[{"embeddable":true,"href":"https:\/\/frutosdeesperanza.com\/es\/wp-json\/wp\/v2\/users\/1"}],"replies":[{"embeddable":true,"href":"https:\/\/frutosdeesperanza.com\/es\/wp-json\/wp\/v2\/comments?post=115"}],"version-history":[{"count":1,"href":"https:\/\/frutosdeesperanza.com\/es\/wp-json\/wp\/v2\/pages\/115\/revisions"}],"predecessor-version":[{"id":116,"href":"https:\/\/frutosdeesperanza.com\/es\/wp-json\/wp\/v2\/pages\/115\/revisions\/116"}],"wp:attachment":[{"href":"https:\/\/frutosdeesperanza.com\/es\/wp-json\/wp\/v2\/media?parent=115"}],"curies":[{"name":"wp","href":"https:\/\/api.w.org\/{rel}","templated":true}]}}